{"id":17,"date":"2023-08-18T15:46:22","date_gmt":"2023-08-18T15:46:22","guid":{"rendered":"https:\/\/therapie-haug.de\/?page_id=17"},"modified":"2025-07-14T10:14:22","modified_gmt":"2025-07-14T10:14:22","slug":"ueber-uns","status":"publish","type":"page","link":"https:\/\/therapie-haug.de\/?page_id=17","title":{"rendered":"Therapie"},"content":{"rendered":"\n<p><strong>Was ist Psychotherapie?&nbsp;<\/strong><\/p>\n\n\n\n<p>In einer Psychotherapie werden mittels Gespr\u00e4ch zwischen Psychotherapeut*in und Patient*in psychische Erkrankungen behandelt. Ihr*e Psychotherapeut*in bespricht mit Ihnen gegenw\u00e4rtige psychische Beschwerden, deren Entstehung und M\u00f6glichkeiten, diese zu \u00fcberwinden oder zumindest besser mit diesen zurecht zu kommen. Eine Psychotherapie kann Ihnen helfen, psychische Einschr\u00e4nkungen zu bew\u00e4ltigen und vergangene schmerzliche Erlebnisse besser zu verarbeiten.<\/p>\n\n\n\n<p>Frequenz und Dauer h\u00e4ngen vom jeweiligen St\u00f6rungsbild bzw. von der Lebenssituation des*der Patienten*in ab und fallen je nach angewandter Methode unterschiedlich aus. In der Regel dauern die Sitzungen 50 Minuten und werden w\u00f6chentlich abgehalten. Zu Beginn der Therapie wird besprochen, wie lange die Behandlung voraussichtlich in Anspruch nehmen k\u00f6nnte (z. B. Anzahl der Sitzungen) und welche Ziele dabei erreicht werden k\u00f6nnten.<\/p>\n\n\n\n<p><strong>Verhaltenstherapie<\/strong><\/p>\n\n\n\n<p>Die kognitive Verhaltenstherapie ist neben der Analytischen Psychotherapie (Psychoanalyse), der Tiefenpsychologisch fundierten Psychotherapie und der Systemischen Therapie wissenschaftlich anerkannt und wird auch von den gesetzlichen und privaten Krankenkassen \u00fcbernommen.<\/p>\n\n\n\n<p>In der Verhaltenstherapie geht man davon aus, dass psychische Symptome sich dann entwickeln, wenn es zu einer \u00dcberlastung durch Umweltanforderungen kommt. In der Therapie erarbeiten wir mit Ihnen gemeinsam hilfreiche Verhaltensweisen, Denkmuster und Bew\u00e4ltigungsm\u00f6glichkeiten. Alte dysfunktionale Denkmuster und Verhaltensweisen sollen Schritt f\u00fcr Schritt abgebaut und durch neue positive ersetzt werden. Der Ansatz der Verhaltenstherapie ist also im \u201eHier und Jetzt\u201c. Im Gegensatz zu psychodynamischen Verfahren, wie beispielsweise der Psychoanalyse, sollen hier nicht unbedingt die Wurzeln der Krankheit erkannt werden, sondern es geht vielmehr darum, Ihnen aufzuzeigen, warum Sie in der aktuellen Situation Probleme haben und wie Sie diese mit neu erlernten Denk- und Verhaltensmustern in den Griff bekommen k\u00f6nnen. Die Verhaltenstherapie st\u00fctzt sich dabei auf eine wissenschaftliche Vorgehensweise, d. h. wir entwickeln f\u00fcr &nbsp;jede psychische St\u00f6rung ein spezifisches und individuelles Vorgehen, greifen aber auch auf erprobte Interventionen zur\u00fcck. Bei dieser Therapieform werden unter anderem Verhaltens\u00fcbungen, Rollenspiele und Entspannungstechniken eingesetzt.<\/p>\n\n\n\n<p><strong>Wie komme ich in die Behandlung und was kostet sie? <\/strong><\/p>\n\n\n\n<ul class=\"wp-block-list\">\n<li>Sie sind <strong>gesetzlich versichert<\/strong>: Sie k\u00f6nnen direkt einen Termin vereinbaren, Sie ben\u00f6tigen keine \u00dcberweisung von Ihrem Hausarzt. Ihre gesetzliche Krankenkasse \u00fcbernimmt i.d.R die Kosten f\u00fcr die psychotherapeutische Behandlung. Bringen Sie dazu zum ersten Termin Ihre Versichertenkarte mit.<\/li>\n\n\n\n<li>Sie sind&nbsp;<strong>Privatpatient*in<\/strong>: Dann \u00fcbernimmt in der Regel Ihre private Krankenversicherung die Kosten f\u00fcr die Psychotherapie, entsprechend Ihren Versicherungsbedingungen. Die Rechnungsstellung erfolgt pers\u00f6nlich an Sie gem\u00e4\u00df GOP (GO\u00c4).<\/li>\n\n\n\n<li>Sie sind&nbsp;<strong>Selbstzahler*in<\/strong>: Sie tragen selbst die Kosten f\u00fcr die Therapie. Die Rechnungsstellung erfolgt ebenfalls gem\u00e4\u00df GOP (GO\u00c4) an Sie pers\u00f6nlich. Gerne k\u00f6nnen Sie sich vorab telefonisch oder per Mail \u00fcber die Kosten f\u00fcr eine Sitzung informieren.&nbsp;<\/li>\n\n\n\n<li>Sie sind gesetzlich versichert, aber bereits von mehreren Kassen-Therapeuten abgewiesen worden: Dann k\u00f6nnen Sie ein sog.&nbsp;<strong>Kosten\u00fcbernahmeverfahren<\/strong>&nbsp;anstreben, bei dem Ihre gesetzliche Krankenkasse die Kosten f\u00fcr eine private Psychotherapie \u00fcbernimmt.&nbsp;<\/li>\n<\/ul>\n\n\n\n<p>Wenn Sie an einer <strong>K\u00f6rperpsychotherapie-Gruppe<\/strong> teilnehmen m\u00f6chten, erfolgt die Rechnungsstellung immer an Sie pers\u00f6nlich zum vereinbarten Preis.<\/p>\n\n\n","protected":false},"excerpt":{"rendered":"<p>Was ist Psychotherapie?&nbsp; In einer Psychotherapie werden mittels Gespr\u00e4ch zwischen Psychotherapeut*in und Patient*in psychische Erkrankungen behandelt. Ihr*e Psychotherapeut*in bespricht mit Ihnen gegenw\u00e4rtige psychische Beschwerden, deren Entstehung und M\u00f6glichkeiten, diese zu \u00fcberwinden oder zumindest besser mit diesen zurecht zu kommen. Eine Psychotherapie kann Ihnen helfen, psychische Einschr\u00e4nkungen zu bew\u00e4ltigen und vergangene schmerzliche Erlebnisse besser zu verarbeiten. &hellip; <\/p>\n<p class=\"link-more\"><a href=\"https:\/\/therapie-haug.de\/?page_id=17\" class=\"more-link\"><span class=\"screen-reader-text\">\u201eTherapie\u201c<\/span> weiterlesen<\/a><\/p>\n","protected":false},"author":1,"featured_media":0,"parent":0,"menu_order":0,"comment_status":"closed","ping_status":"closed","template":"","meta":{"footnotes":""},"class_list":["post-17","page","type-page","status-publish","hentry"],"_links":{"self":[{"href":"https:\/\/therapie-haug.de\/index.php?rest_route=\/wp\/v2\/pages\/17","targetHints":{"allow":["GET"]}}],"collection":[{"href":"https:\/\/therapie-haug.de\/index.php?rest_route=\/wp\/v2\/pages"}],"about":[{"href":"https:\/\/therapie-haug.de\/index.php?rest_route=\/wp\/v2\/types\/page"}],"author":[{"embeddable":true,"href":"https:\/\/therapie-haug.de\/index.php?rest_route=\/wp\/v2\/users\/1"}],"replies":[{"embeddable":true,"href":"https:\/\/therapie-haug.de\/index.php?rest_route=%2Fwp%2Fv2%2Fcomments&post=17"}],"version-history":[{"count":5,"href":"https:\/\/therapie-haug.de\/index.php?rest_route=\/wp\/v2\/pages\/17\/revisions"}],"predecessor-version":[{"id":158,"href":"https:\/\/therapie-haug.de\/index.php?rest_route=\/wp\/v2\/pages\/17\/revisions\/158"}],"wp:attachment":[{"href":"https:\/\/therapie-haug.de\/index.php?rest_route=%2Fwp%2Fv2%2Fmedia&parent=17"}],"curies":[{"name":"wp","href":"https:\/\/api.w.org\/{rel}","templated":true}]}}