{"id":18,"date":"2023-08-18T15:46:22","date_gmt":"2023-08-18T15:46:22","guid":{"rendered":"https:\/\/therapie-haug.de\/?page_id=18"},"modified":"2025-07-14T10:13:19","modified_gmt":"2025-07-14T10:13:19","slug":"kontakt","status":"publish","type":"page","link":"https:\/\/therapie-haug.de\/?page_id=18","title":{"rendered":"Kontakt"},"content":{"rendered":"\n<p>Praxis f\u00fcr Psychotherapie (Verhaltenstherapie)<br>Sophie Haug<br>M.Sc. Psychologin,<br>Psychologische Psychotherapeutin<\/p>\n\n\n\n<p>Telefon: +49 (0)160 6960930<\/p>\n\n\n\n<p>Kemptener Str. 2<br>87629 F\u00fcssen<\/p>\n\n\n\n<p>Die Praxis befindet sich im 1. OG. Es bestehen \u00f6ffentliche Parkm\u00f6glichkeiten direkt vor dem Geb\u00e4ude (kostenpflichtig!).<\/p>\n\n\n\n<figure class=\"wp-block-image size-large is-resized\"><img loading=\"lazy\" decoding=\"async\" width=\"1024\" height=\"682\" src=\"https:\/\/therapie-haug.de\/wp-content\/uploads\/2023\/12\/kontakt_shaug-1024x682.jpg\" alt=\"Praxis - Sophie Haug\" class=\"wp-image-112\" style=\"width:598px;height:auto\" srcset=\"https:\/\/therapie-haug.de\/wp-content\/uploads\/2023\/12\/kontakt_shaug-1024x682.jpg 1024w, https:\/\/therapie-haug.de\/wp-content\/uploads\/2023\/12\/kontakt_shaug-300x200.jpg 300w, https:\/\/therapie-haug.de\/wp-content\/uploads\/2023\/12\/kontakt_shaug-768x512.jpg 768w, https:\/\/therapie-haug.de\/wp-content\/uploads\/2023\/12\/kontakt_shaug-1536x1024.jpg 1536w, https:\/\/therapie-haug.de\/wp-content\/uploads\/2023\/12\/kontakt_shaug.jpg 2000w\" sizes=\"auto, (max-width: 706px) 89vw, (max-width: 767px) 82vw, 740px\" \/><figcaption class=\"wp-element-caption\">Praxis f\u00fcr Psychotherapie Sophie Haug &#8211; 1. OG<\/figcaption><\/figure>\n\n\n\n<p><iframe src=\"https:\/\/www.google.com\/maps\/embed?pb=!1m18!1m12!1m3!1d1051.7093141680423!2d10.695384388013407!3d47.56780780852718!2m3!1f0!2f0!3f0!3m2!1i1024!2i768!4f13.1!3m3!1m2!1s0x479cf5e39f4fd85b%3A0x19f04e93863d7497!2sKemptener%20Str.%202%2C%2087629%20F%C3%BCssen!5e0!3m2!1sde!2sde!4v1700501685721!5m2!1sde!2sde\" width=\"600\" height=\"450\" style=\"border:0;\" allowfullscreen=\"\" loading=\"lazy\" referrerpolicy=\"no-referrer-when-downgrade\"><\/iframe><\/p>\n","protected":false},"excerpt":{"rendered":"<p>Praxis f\u00fcr Psychotherapie (Verhaltenstherapie)Sophie HaugM.Sc. Psychologin,Psychologische Psychotherapeutin Telefon: +49 (0)160 6960930 Kemptener Str. 287629 F\u00fcssen Die Praxis befindet sich im 1. OG. Es bestehen \u00f6ffentliche Parkm\u00f6glichkeiten direkt vor dem Geb\u00e4ude (kostenpflichtig!).<\/p>\n","protected":false},"author":1,"featured_media":0,"parent":0,"menu_order":0,"comment_status":"closed","ping_status":"closed","template":"","meta":{"footnotes":""},"class_list":["post-18","page","type-page","status-publish","hentry"],"_links":{"self":[{"href":"https:\/\/therapie-haug.de\/index.php?rest_route=\/wp\/v2\/pages\/18","targetHints":{"allow":["GET"]}}],"collection":[{"href":"https:\/\/therapie-haug.de\/index.php?rest_route=\/wp\/v2\/pages"}],"about":[{"href":"https:\/\/therapie-haug.de\/index.php?rest_route=\/wp\/v2\/types\/page"}],"author":[{"embeddable":true,"href":"https:\/\/therapie-haug.de\/index.php?rest_route=\/wp\/v2\/users\/1"}],"replies":[{"embeddable":true,"href":"https:\/\/therapie-haug.de\/index.php?rest_route=%2Fwp%2Fv2%2Fcomments&post=18"}],"version-history":[{"count":8,"href":"https:\/\/therapie-haug.de\/index.php?rest_route=\/wp\/v2\/pages\/18\/revisions"}],"predecessor-version":[{"id":157,"href":"https:\/\/therapie-haug.de\/index.php?rest_route=\/wp\/v2\/pages\/18\/revisions\/157"}],"wp:attachment":[{"href":"https:\/\/therapie-haug.de\/index.php?rest_route=%2Fwp%2Fv2%2Fmedia&parent=18"}],"curies":[{"name":"wp","href":"https:\/\/api.w.org\/{rel}","templated":true}]}}