{"id":81,"date":"2023-11-20T17:55:15","date_gmt":"2023-11-20T17:55:15","guid":{"rendered":"https:\/\/therapie-haug.de\/?page_id=81"},"modified":"2023-11-20T20:27:11","modified_gmt":"2023-11-20T20:27:11","slug":"impressum","status":"publish","type":"page","link":"https:\/\/therapie-haug.de\/?page_id=81","title":{"rendered":"Impressum"},"content":{"rendered":"\n<p><strong>Name&nbsp;<\/strong><\/p>\n\n\n\n<p>M.Sc. Psychologin Sophie Haug<\/p>\n\n\n\n<p><strong>Praxisanschrift<\/strong><\/p>\n\n\n\n<p>Kemptener Str. 2, 87629 F\u00fcssen<\/p>\n\n\n\n<p><strong>Telefon&nbsp;<\/strong><\/p>\n\n\n\n<p>+49 (0)160 6960930<\/p>\n\n\n\n<p><strong>E-Mail&nbsp;<\/strong><\/p>\n\n\n\n<p>psychotherapie.sophiehaug@gmail.com<\/p>\n\n\n\n<p><strong>Gesetzliche Berufsbezeichnung&nbsp;<\/strong><\/p>\n\n\n\n<p>Psychologische Psychotherapeutin<br>(verliehen in der Bundesrepublik Deutschland)&nbsp;<\/p>\n\n\n\n<p><strong>Zust\u00e4ndige Kammer (Aufsichtsbeh\u00f6rde)&nbsp;<\/strong><\/p>\n\n\n\n<p>Psychotherapeutenkammer Bayern\u00a0<\/p>\n\n\n\n<p>Birketweg 30, 80639 M\u00fcnchen\u00a0<\/p>\n\n\n\n<p><a href=\"http:\/\/www.ptk-bayern.de\/\">http:\/\/www.ptk-bayern.de<\/a><\/p>\n\n\n\n<p><strong>Zust\u00e4ndige Kassen\u00e4rztliche Vereinigung (Aufsichtsbeh\u00f6rde)<\/strong><\/p>\n\n\n\n<p>Kassen\u00e4rztliche Vereinigung Bayerns&nbsp;<\/p>\n\n\n\n<p>Elsenheimerstr. 39, 80687 M\u00fcnchen<\/p>\n\n\n\n<p><a href=\"http:\/\/www.kvb.de\/\">http:\/\/www.kvb.de<\/a><\/p>\n\n\n\n<p><strong>Berufsrechtliche Regelungen&nbsp;<\/strong><\/p>\n\n\n\n<ul class=\"wp-block-list\">\n<li>Gesetz \u00fcber den Beruf der Psychotherapeutin und des Psychotherapeuten (Psychotherapeutengesetz &#8211; PsychThG)<br>Abrufbar z.B. unter\u00a0<a href=\"http:\/\/www.ptk-bayern.de\/ptk\/web.nsf\/id\/li_rechtsquel-%20len.html\">http:\/\/www.ptk-bayern.de\/ptk\/web.nsf\/id\/li_rechtsquel len.html<\/a><\/li>\n\n\n\n<li>Heilberufe-Kammergesetz (HKaG)<br>Abrufbar z.B. unter\u00a0<a href=\"http:\/\/www.ptk-bayern.de\/ptk\/web.nsf\/id\/li_rechtsquel-%20len.html\">http:\/\/www.ptk-bayern.de\/ptk\/web.nsf\/id\/li_rechtsquel- len.html<\/a><\/li>\n\n\n\n<li>Berufsordnung der Psychotherapeutenkammer Bayern<br>Abrufbar z.B. unter\u00a0<a href=\"http:\/\/www.ptk-bayern.de\/ptk\/web.nsf\/id\/li_satzungen.html\">http:\/\/www.ptk-bayern.de\/ptk\/web.nsf\/id\/li_satzungen.html<\/a><\/li>\n<\/ul>\n","protected":false},"excerpt":{"rendered":"<p>Name&nbsp; M.Sc. Psychologin Sophie Haug Praxisanschrift Kemptener Str. 2, 87629 F\u00fcssen Telefon&nbsp; +49 (0)160 6960930 E-Mail&nbsp; psychotherapie.sophiehaug@gmail.com Gesetzliche Berufsbezeichnung&nbsp; Psychologische Psychotherapeutin(verliehen in der Bundesrepublik Deutschland)&nbsp; Zust\u00e4ndige Kammer (Aufsichtsbeh\u00f6rde)&nbsp; Psychotherapeutenkammer Bayern\u00a0 Birketweg 30, 80639 M\u00fcnchen\u00a0 http:\/\/www.ptk-bayern.de Zust\u00e4ndige Kassen\u00e4rztliche Vereinigung (Aufsichtsbeh\u00f6rde) Kassen\u00e4rztliche Vereinigung Bayerns&nbsp; Elsenheimerstr. 39, 80687 M\u00fcnchen http:\/\/www.kvb.de Berufsrechtliche Regelungen&nbsp;<\/p>\n","protected":false},"author":1,"featured_media":0,"parent":0,"menu_order":0,"comment_status":"closed","ping_status":"closed","template":"","meta":{"footnotes":""},"class_list":["post-81","page","type-page","status-publish","hentry"],"_links":{"self":[{"href":"https:\/\/therapie-haug.de\/index.php?rest_route=\/wp\/v2\/pages\/81","targetHints":{"allow":["GET"]}}],"collection":[{"href":"https:\/\/therapie-haug.de\/index.php?rest_route=\/wp\/v2\/pages"}],"about":[{"href":"https:\/\/therapie-haug.de\/index.php?rest_route=\/wp\/v2\/types\/page"}],"author":[{"embeddable":true,"href":"https:\/\/therapie-haug.de\/index.php?rest_route=\/wp\/v2\/users\/1"}],"replies":[{"embeddable":true,"href":"https:\/\/therapie-haug.de\/index.php?rest_route=%2Fwp%2Fv2%2Fcomments&post=81"}],"version-history":[{"count":2,"href":"https:\/\/therapie-haug.de\/index.php?rest_route=\/wp\/v2\/pages\/81\/revisions"}],"predecessor-version":[{"id":106,"href":"https:\/\/therapie-haug.de\/index.php?rest_route=\/wp\/v2\/pages\/81\/revisions\/106"}],"wp:attachment":[{"href":"https:\/\/therapie-haug.de\/index.php?rest_route=%2Fwp%2Fv2%2Fmedia&parent=81"}],"curies":[{"name":"wp","href":"https:\/\/api.w.org\/{rel}","templated":true}]}}