{"id":82,"date":"2023-11-20T17:55:15","date_gmt":"2023-11-20T17:55:15","guid":{"rendered":"https:\/\/therapie-haug.de\/?page_id=82"},"modified":"2023-11-20T20:32:26","modified_gmt":"2023-11-20T20:32:26","slug":"datenschutzz","status":"publish","type":"page","link":"https:\/\/therapie-haug.de\/?page_id=82","title":{"rendered":"Datenschutz"},"content":{"rendered":"\n<p>Ich nehme den Schutz Ihrer pers\u00f6nlichen Daten sehr ernst. Ich behandele Ihre personenbezogenen Daten vertraulich und entsprechend der gesetzlichen Datenschutzvorschriften sowie dieser Datenschutzerkl\u00e4rung.&nbsp;<\/p>\n\n\n\n<p>Ich m\u00f6chte Sie hiermit \u00fcber die Verarbeitung von personenbezogenen Daten auf dieser Website informieren.&nbsp;<\/p>\n\n\n\n<p>Wir verarbeiten Ihre pers\u00f6nlichen Daten nur, wenn Sie hierin eingewilligt haben oder hier eine gesetzliche Grundlage besteht.&nbsp;<\/p>\n\n\n\n<p><strong>Name und Kontaktdaten des Verantwortlichen&nbsp;<\/strong><strong><\/strong><\/p>\n\n\n\n<p>Verantwortlich f\u00fcr die Verarbeitung der personenbezogenen Daten ist&nbsp;<br><br>Sophie Haug<\/p>\n\n\n\n<p>Kemptener Str. 2 87629 F\u00fcssen<\/p>\n\n\n\n<p><a href=\"mailto:psychotherapie.sophiehaug@gmail.com\">psychotherapie.sophiehaug@gmail.com<\/a><\/p>\n\n\n\n<p>+49 (0)160 6960930<\/p>\n\n\n\n<p><strong>Verarbeitung personenbezogener Daten, Zweck der Verwendung und Rechtsgrundlagen\u00a0<\/strong><\/p>\n\n\n\n<p><strong>Allgemein \u2013 Besuch der Website&nbsp;<\/strong><\/p>\n\n\n\n<p>Meine Website dient der Bereitstellung von Informationen \u00fcber meine Praxis.&nbsp;<\/p>\n\n\n\n<p>Personenbezogenen Daten (Vor-, Nachname, E-Mail-Adresse, Telefonnummer werden auf meiner Website nicht erhoben.<\/p>\n\n\n\n<p>Beim Besuch der Website werden durch den auf Ihrem Endger\u00e4t zum Einsatz kommenden Browser Informationen an den Server meiner Website gesendet. Diese Informationen werden tempor\u00e4r in den Logfiles des Servers gespeichert. Folgende Informationen werden dabei erhoben:&nbsp;<\/p>\n\n\n\n<ul class=\"wp-block-list\">\n<li>IP-Adresse des anfragenden Rechners,&nbsp;<\/li>\n\n\n\n<li>Datum und Uhrzeit des Zugriffs,&nbsp;<\/li>\n\n\n\n<li>Name und URL der abgerufenen Datei,&nbsp;<\/li>\n\n\n\n<li>zuvor besuchte Webseite (Referrer-URL),&nbsp;<\/li>\n\n\n\n<li>verwendeter Browser und ggf. das Betriebssystem Ihres Rechners sowie der Name Ihres Access-Providers.&nbsp;<\/li>\n<\/ul>\n\n\n\n<p>Die genannten Daten werden erhoben und verarbeitet, damit ein reibungsloser Verbindungsaufbau der Website sichergestellt wird und die Inhalte korrekt dargestellt werden. Die Daten werden gel\u00f6scht, wenn sie nicht mehr erforderlich sind.&nbsp;<\/p>\n\n\n\n<p>Die Rechtsgrundlage f\u00fcr die Datenverarbeitung ist Artikel 6 Absatz 1 Satz 1 lit. f DSGVO. Mein\/Unser berechtigtes Interesse folgt aus oben aufgelisteten Zwecken zur Datenerhebung. In keinem Fall verwende\/n ich\/wir die erhobenen Daten zu dem Zweck, R\u00fcckschl\u00fcsse auf Ihre Person zu ziehen.&nbsp;<\/p>\n\n\n\n<p><strong>Kontaktaufnahme per E-Mail&nbsp;<\/strong><strong><\/strong><\/p>\n\n\n\n<p>Ich weise darauf hin, dass die Daten\u00fcbertragung im Internet Sicherheitsl\u00fccken aufweisen kann. Ein l\u00fcckenloser Schutz der Daten vor dem Zugriff durch Dritte ist nicht m\u00f6glich.&nbsp;<\/p>\n\n\n\n<p>Sollten Sie \u00fcber E-Mail-Kontakt mit mir aufnehmen, erfolgt die Verarbeitung Ihrer Daten aufgrund Ihrer freiwillig erteilten Einwilligung gem\u00e4\u00df Artikel 6 Absatz 1 Satz 1 lit. a DSGVO.&nbsp;<\/p>\n\n\n\n<p>Ihre Einwilligung k\u00f6nnen Sie jederzeit widerrufen. Durch den Widerruf wird die Rechtm\u00e4\u00dfigkeit, der aufgrund der Einwilligung bis zum Widerruf erfolgten Verarbeitung der Daten nicht ber\u00fchrt. Den Widerruf k\u00f6nnen Sie schriftlich oder per E-Mail-richten an: Sophie Haug, Kemptener Str. 2 87629 F\u00fcssen, psychotherapie.sophiehaug@gmail.com&nbsp;<\/p>\n\n\n\n<p>Zum Schutz der \u00dcbertragung vertraulicher Inhalte wird bei der Verwendung des Kontakt- formulars eine SSL-Verschl\u00fcsselung (Secure Socket Layer) in Verbindung mit der jeweils h\u00f6chsten Verschl\u00fcsselungsstufe verwendet. Eine verschl\u00fcsselte Seite erkennen Sie an der Adresszeile des Browsers, der von \u201ehttp:\/\/\u201c auf \u201ehttps:\/\/\u201c wechselt, oder am Schlosssymbol in der Browserzeile.&nbsp;<\/p>\n\n\n\n<p>Bitte schreiben Sie keine vertraulichen Informationen, insbesondere Gesundheitsdaten in eine unverschl\u00fcsselte E-Mail, sondern nutzen Sie dies nur zu einer ersten Kontaktaufnahme.&nbsp;<\/p>\n\n\n\n<p><strong>Weitergabe von Daten&nbsp;<\/strong><strong><\/strong><\/p>\n\n\n\n<p>Die auf meiner Website erhobenen Daten werden ohne Ihre ausdr\u00fcckliche Einwilligung (Artikel 6 Absatz 1 Satz 1 lit. a DSGVO) nicht an Dritte weitergegeben.&nbsp;<\/p>\n\n\n\n<p><strong>Cookies&nbsp;<\/strong><strong><\/strong><\/p>\n\n\n\n<p>Ich setze auf meiner Website Cookies ein. Cookies sind kleine Textdateien, die automatisch im Browser auf Ihrem Endger\u00e4t (Rechner, Laptop, Tablet, Smartphone o. \u00e4.) gespeichert werden, wenn Sie meine\/unsere Seite besuchen. Die Cookie-Information wird von Ihrem Browser bei jedem weiteren Besuch unserer Website an unseren Server gesendet. Dies bedeutet jedoch nicht, dass wir dadurch unmittelbar Kenntnis von Ihrer Identit\u00e4t erhalten.&nbsp;<\/p>\n\n\n\n<p>Cookies dienen dazu, die Nutzung meiner\/unserer Website f\u00fcr Sie angenehmer, effektiver und sicherer zu gestalten.&nbsp;<\/p>\n\n\n\n<p>Ich setze tempor\u00e4re Cookies ein, die nur f\u00fcr den Zeitraum Ihres Besuchs auf meiner Website im Browser Ihres Endger\u00e4tes gespeichert und automatisch gel\u00f6scht werden, sobald Sie Ihren Browser schlie\u00dfen.&nbsp;<\/p>\n\n\n\n<p>Ich setze auch persistente Cookies ein. Diese bleiben auch nach Ihrem Besuch meiner Website in Ihrem Browser gespeichert.&nbsp;<\/p>\n\n\n\n<p>Ihr Browser kann so eingestellt werden, dass Sie \u00fcber Cookies informiert werden und die Annahme von Cookies generell oder in Einzelf\u00e4llen erlauben oder generell ausschlie\u00dfen. Sie k\u00f6nnen Cookies \u00fcber Ihre Browsereinstellungen jederzeit l\u00f6schen. Bei der Deaktivierung von Cookies kann die Funktionalit\u00e4t dieser Website eingeschr\u00e4nkt sein.&nbsp;<\/p>\n\n\n\n<p>Die durch Cookies verarbeiteten Daten sind f\u00fcr die genannten Zwecke zur Wahrung meiner berechtigten Interessen Artikel 6 Absatz 1 Satz 1 lit. f DSGVO erforderlich.&nbsp;<\/p>\n\n\n\n<p><strong>Ihre Rechte&nbsp;<\/strong><\/p>\n\n\n\n<p>Sie haben folgende Rechte:&nbsp;<\/p>\n\n\n\n<ul class=\"wp-block-list\">\n<li>Recht auf Auskunft \u00fcber Ihre von mir\/uns verarbeiteten personenbezogenen Daten (Artikel 15 DSGVO), dazu geh\u00f6rt auch: Auskunft \u00fcber Verarbeitungszweck, Kategorie der personenbezogenen Daten, Empf\u00e4nger oder Kategorien von Empf\u00e4ngern, geplante Speicherdauer,<\/li>\n\n\n\n<li>Recht auf unverz\u00fcgliche Berichtigung unrichtiger Daten oder Vervollst\u00e4ndigung unvollst\u00e4ndiger Daten (Artikel 16 DSGVO),&nbsp;<\/li>\n\n\n\n<li>Recht auf unverz\u00fcgliche L\u00f6schung (Artikel 17 DSGVO),&nbsp;<\/li>\n\n\n\n<li>Recht auf Einschr\u00e4nkung der Verarbeitung (Artikel 18 DSGVO),&nbsp;<\/li>\n\n\n\n<li>Recht auf Daten\u00fcbertragbarkeit (Artikel 20 DSGVO),&nbsp;<\/li>\n\n\n\n<li>Recht auf jederzeitigen Widerruf Ihrer einmal erteilten Einwilligung (Artikel 7 Absatz 3 DSGVO),&nbsp;<\/li>\n\n\n\n<li>Recht auf Widerspruch gegen die Verarbeitung bei der Datenerhebung auf Grundlage von berechtigten Interessen nach Artikel 6 Absatz 1 Satz 1 lit. f DSGVO, soweit daf\u00fcr Gr\u00fcnde vorliegen, die sich aus Ihrer besonderen Situation ergeben (Artikel 21 DSGVO),<\/li>\n\n\n\n<li>Recht, nicht einer ausschlie\u00dflich auf einer automatisierten Verarbeitung \u2013 einschlie\u00dflich Profiling \u2013 beruhenden Entscheidung unterworfen zu werden, die Ihnen gegen\u00fcber rechtliche Wirkung entfaltet oder sie in \u00e4hnlicher Weise erheblich beeintr\u00e4chtigt (Art. 22 DSGVO).&nbsp;<\/li>\n<\/ul>\n\n\n\n<p>Um diese Rechte geltend zu machen, k\u00f6nnen Sie sich jederzeit an den unter Ziffer 1 ge- nannten Verantwortlichen wenden.&nbsp;<\/p>\n\n\n\n<ul class=\"wp-block-list\">\n<li>Beschwerderecht bei Aufsichtsbeh\u00f6rde: Sie haben das Recht, sich bei einer Aufsichts- beh\u00f6rde zu beschweren (Artikel 77 DSGVO). In der Regel k\u00f6nnen Sie sich hierf\u00fcr an die Aufsichtsbeh\u00f6rde Ihres \u00fcblichen Aufenthaltsortes oder Arbeitsplatzes wenden. Die f\u00fcr mich\/uns zust\u00e4ndige Aufsichtsbeh\u00f6rde ist :&nbsp;<\/li>\n<\/ul>\n\n\n\n<p>Bayerisches Landesamt f\u00fcr Datenschutzaufsicht<\/p>\n\n\n\n<p>Michael Will<\/p>\n\n\n\n<p>Promenade 18, 91522 Ansbach<\/p>\n\n\n\n<p>Postanschrift:&nbsp;Postfach 1349,&nbsp;91504 Ansbach<\/p>\n\n\n\n<p>Telefon: 0981\/180093-0<\/p>\n\n\n\n<p>E-Mail: poststelle@lda.bayern.de<\/p>\n\n\n\n<p>Homepage:\u00a0<a href=\"https:\/\/www.lda.bayern.de\/\" target=\"_blank\" rel=\"noreferrer noopener\">https:\/\/www.lda.bayern.de<\/a><\/p>\n\n\n\n<p><strong>Aktualit\u00e4t und \u00c4nderung dieser Datenschutzerkl\u00e4rung&nbsp;<\/strong><strong><\/strong><\/p>\n\n\n\n<p>Diese Datenschutzerkl\u00e4rung hat den Stand November 2023. Ich behalte mir vor, die Datenschutzerkl\u00e4rung zu aktualisieren, um den Datenschutz zu verbessern oder an ge\u00e4nderte beh\u00f6rdliche oder gerichtliche Vorgaben anzupassen. Die aktuelle Datenschutzerkl\u00e4rung kann jederzeit auf der Website abgerufen und ausgedruckt werden.&nbsp;<\/p>\n","protected":false},"excerpt":{"rendered":"<p>Ich nehme den Schutz Ihrer pers\u00f6nlichen Daten sehr ernst. Ich behandele Ihre personenbezogenen Daten vertraulich und entsprechend der gesetzlichen Datenschutzvorschriften sowie dieser Datenschutzerkl\u00e4rung.&nbsp; Ich m\u00f6chte Sie hiermit \u00fcber die Verarbeitung von personenbezogenen Daten auf dieser Website informieren.&nbsp; Wir verarbeiten Ihre pers\u00f6nlichen Daten nur, wenn Sie hierin eingewilligt haben oder hier eine gesetzliche Grundlage besteht.&nbsp; Name &hellip; <\/p>\n<p class=\"link-more\"><a href=\"https:\/\/therapie-haug.de\/?page_id=82\" class=\"more-link\"><span class=\"screen-reader-text\">\u201eDatenschutz\u201c<\/span> weiterlesen<\/a><\/p>\n","protected":false},"author":1,"featured_media":0,"parent":0,"menu_order":0,"comment_status":"closed","ping_status":"closed","template":"","meta":{"footnotes":""},"class_list":["post-82","page","type-page","status-publish","hentry"],"_links":{"self":[{"href":"https:\/\/therapie-haug.de\/index.php?rest_route=\/wp\/v2\/pages\/82","targetHints":{"allow":["GET"]}}],"collection":[{"href":"https:\/\/therapie-haug.de\/index.php?rest_route=\/wp\/v2\/pages"}],"about":[{"href":"https:\/\/therapie-haug.de\/index.php?rest_route=\/wp\/v2\/types\/page"}],"author":[{"embeddable":true,"href":"https:\/\/therapie-haug.de\/index.php?rest_route=\/wp\/v2\/users\/1"}],"replies":[{"embeddable":true,"href":"https:\/\/therapie-haug.de\/index.php?rest_route=%2Fwp%2Fv2%2Fcomments&post=82"}],"version-history":[{"count":3,"href":"https:\/\/therapie-haug.de\/index.php?rest_route=\/wp\/v2\/pages\/82\/revisions"}],"predecessor-version":[{"id":108,"href":"https:\/\/therapie-haug.de\/index.php?rest_route=\/wp\/v2\/pages\/82\/revisions\/108"}],"wp:attachment":[{"href":"https:\/\/therapie-haug.de\/index.php?rest_route=%2Fwp%2Fv2%2Fmedia&parent=82"}],"curies":[{"name":"wp","href":"https:\/\/api.w.org\/{rel}","templated":true}]}}